{"id":38,"date":"2023-05-20T10:26:15","date_gmt":"2023-05-20T09:26:15","guid":{"rendered":"https:\/\/adcalcioillasi.it\/?page_id=38"},"modified":"2025-09-30T16:36:06","modified_gmt":"2025-09-30T15:36:06","slug":"home-page","status":"publish","type":"page","link":"https:\/\/adcalcioillasi.it\/index.php\/home-page\/","title":{"rendered":"Home Page"},"content":{"rendered":"\n<figure class=\"wp-block-gallery alignright has-nested-images columns-default is-cropped wp-block-gallery-1 is-layout-flex wp-block-gallery-is-layout-flex\"><\/figure>\n\n\n\n<p><\/p>\n\n\n\n<p>Benvenuti nel sito ufficiale dell\u2019Associazione Calcistica \u201cCalcio Illasi\u201d!<\/p>\n\n\n\n<p>Siamo entusiasti di accogliervi in questo luogo virtuale che rappresenta il cuore pulsante della nostra passione per il calcio. Fondata nel cuore del pittoresco comune di Illasi, siamo un\u2019associazione che promuove e celebra il calcio come uno degli sport pi\u00f9 amati e seguiti al mondo. Il nostro obiettivo principale \u00e8 quello di fornire un ambiente accogliente e stimolante per giocatori di tutte le et\u00e0 e livelli di abilit\u00e0. Sia che tu sia un giovane talento che desidera intraprendere una carriera nel calcio, o un appassionato veterano che cerca di riscoprire la gioia del gioco, la Calcio Illasi \u00e8 qui per te. Ci impegniamo a sviluppare le abilit\u00e0 tecniche, tattiche e fisiche dei nostri giocatori, fornendo loro l\u2019opportunit\u00e0 di crescere e raggiungere il loro pieno potenziale.La nostra associazione offre una vasta gamma di programmi, che spaziano dalle squadre giovanili alle squadre amatoriali per adulti. Inoltre, abbiamo un team di allenatori altamente qualificati e dedicati, che condividono la nostra passione e si impegnano a guidare i nostri giocatori verso il successo. Siamo convinti che attraverso la formazione, la disciplina e la determinazione, sia possibile raggiungere grandi risultati sul campo da gioco. Oltre all\u2019impegno competitivo, siamo anche fortemente legati alla comunit\u00e0 di Illasi e ai suoi dintorni. Organizziamo eventi, tornei e iniziative che coinvolgono attivamente i nostri giocatori e i residenti locali, rafforzando cos\u00ec i legami sociali e promuovendo uno spirito di solidariet\u00e0. Siamo orgogliosi di essere un punto di riferimento per la comunit\u00e0 calcistica di Illasi e di poter contribuire alla crescita e al benessere dei nostri membri. Attraverso questo sito, avrete accesso a informazioni aggiornate sulle nostre squadre, risultati delle partite, classifiche e prossimi eventi. Potrete anche scoprire di pi\u00f9 sulla nostra storia, i nostri valori e la nostra visione. Inoltre, forniamo un canale diretto per contattarci e per saperne di pi\u00f9 sulle opportunit\u00e0 che offriamo. Non importa se siete un appassionato di calcio, un genitore che cerca un ambiente sano per i propri figli o un amante dello sport che desidera sostenere una squadra locale, la Calcio Illasi vi offre un\u2019esperienza unica e coinvolgente. Siamo convinti che il calcio possa ispirare, insegnare lezioni di vita e creare ricordi indelebili. Unisciti a noi in questa emozionante avventura calcistica e lasciati coinvolgere nella magia del Calcio Illasi!<\/p>\n\n\n\n<p><a href=\"http:\/\/instagram.com\/illasi_calcio\">illasicalcio_official<\/a><\/p>\n\n\n\n<p><a href=\"https:\/\/www.facebook.com\/share\/1BHGYLuhtj\/?mibextid=wwXIfr\">https:\/\/www.facebook.com\/share\/1BHGYLuhtj\/?mibextid=wwXIfr<\/a><\/p>\n\n\n\n<p><\/p>\n","protected":false},"excerpt":{"rendered":"<p>Benvenuti nel sito ufficiale dell\u2019Associazione Calcistica \u201cCalcio Illasi\u201d! Siamo entusiasti di accogliervi in questo luogo virtuale che rappresenta il cuore pulsante della nostra passione per il calcio. Fondata nel cuore del pittoresco comune di Illasi, siamo un\u2019associazione che promuove e celebra il calcio come uno degli sport pi\u00f9 amati e seguiti al mondo. Il nostro [&hellip;]<\/p>\n","protected":false},"author":1,"featured_media":0,"parent":0,"menu_order":0,"comment_status":"closed","ping_status":"closed","template":"","meta":{"footnotes":""},"class_list":["post-38","page","type-page","status-publish","hentry"],"_links":{"self":[{"href":"https:\/\/adcalcioillasi.it\/index.php\/wp-json\/wp\/v2\/pages\/38","targetHints":{"allow":["GET"]}}],"collection":[{"href":"https:\/\/adcalcioillasi.it\/index.php\/wp-json\/wp\/v2\/pages"}],"about":[{"href":"https:\/\/adcalcioillasi.it\/index.php\/wp-json\/wp\/v2\/types\/page"}],"author":[{"embeddable":true,"href":"https:\/\/adcalcioillasi.it\/index.php\/wp-json\/wp\/v2\/users\/1"}],"replies":[{"embeddable":true,"href":"https:\/\/adcalcioillasi.it\/index.php\/wp-json\/wp\/v2\/comments?post=38"}],"version-history":[{"count":51,"href":"https:\/\/adcalcioillasi.it\/index.php\/wp-json\/wp\/v2\/pages\/38\/revisions"}],"predecessor-version":[{"id":551,"href":"https:\/\/adcalcioillasi.it\/index.php\/wp-json\/wp\/v2\/pages\/38\/revisions\/551"}],"wp:attachment":[{"href":"https:\/\/adcalcioillasi.it\/index.php\/wp-json\/wp\/v2\/media?parent=38"}],"curies":[{"name":"wp","href":"https:\/\/api.w.org\/{rel}","templated":true}]}}